{"id":2984,"date":"2025-05-30T09:52:45","date_gmt":"2025-05-30T09:52:45","guid":{"rendered":"https:\/\/archsoftwares.com\/asteriskconsulting\/?page_id=2984"},"modified":"2025-06-13T10:44:59","modified_gmt":"2025-06-13T10:44:59","slug":"salesforce-beratung-und-implementierung","status":"publish","type":"page","link":"https:\/\/asteriskconsulting.de\/de\/leistungen\/salesforce-beratung-und-implementierung\/","title":{"rendered":"Salesforce-Beratung und -Implementierung"},"content":{"rendered":"\t\t<div data-elementor-type=\"wp-page\" data-elementor-id=\"2984\" class=\"elementor elementor-2984\">\n\t\t\t\t\t\t<section class=\"elementor-section elementor-top-section elementor-element elementor-element-55285be elementor-section-full_width elementor-section-height-default elementor-section-height-default\" data-id=\"55285be\" data-element_type=\"section\" data-e-type=\"section\">\n\t\t\t\t\t\t<div class=\"elementor-container elementor-column-gap-no\">\n\t\t\t\t\t<div class=\"elementor-column elementor-col-100 elementor-top-column elementor-element elementor-element-cdd141c\" data-id=\"cdd141c\" data-element_type=\"column\" data-e-type=\"column\">\n\t\t\t<div class=\"elementor-widget-wrap elementor-element-populated\">\n\t\t\t\t\t\t<div class=\"elementor-element elementor-element-9d428e0 elementor-widget elementor-widget-consua_about_content\" data-id=\"9d428e0\" data-element_type=\"widget\" data-e-type=\"widget\" data-widget_type=\"consua_about_content.default\">\n\t\t\t\t<div class=\"elementor-widget-container\">\n\t\t\t\t\t\r\n\t<!-- Start About Style One\r\n    ============================================= -->\r\n    <div class=\"about-style-one-area default-padding\">\r\n        <div class=\"shape-animated-left\">\r\n        \t            \t<img decoding=\"async\" src=\"https:\/\/asteriskconsulting.de\/wp-content\/uploads\/2025\/05\/circle-bg.webp\" alt=\"Asterisk consulting\">\r\n                                    \t<img decoding=\"async\" src=\"https:\/\/asteriskconsulting.de\/wp-content\/uploads\/2025\/05\/circle-bg.webp\" alt=\"Asterisk consulting\">\r\n                    <\/div>\r\n        <div class=\"container\">\r\n            <div class=\"row align-center\">\r\n                <div class=\"about-style-one col-xl-6 col-lg-5\">\r\n                    <div class=\"h4 sub-heading\"><\/div>\r\n                    <h2 class=\"title mb-25\">Salesforce-Beratung und -Implementierung <\/h2>\r\n                    <p>\r\n                       Bei Asterisk Consulting bieten wir fachkundige Salesforce-Beratung und -Implementierung, um das Kundenbeziehungsmanagement f\u00fcr Unternehmen. Unser Team ist auf alle Salesforce-Clouds spezialisiert, um ma\u00dfgeschneiderte L\u00f6sungen f\u00fcr Ihre individuellen Prozesse zu bieten. \n\nWir bilden Ihre Gesch\u00e4ftsabl\u00e4ufe auf der leistungsstarken Plattform von Salesforce ab und bieten End-to-End-Services von der Strategie und Konfiguration bis hin zur Bereitstellung und Schulung. Unser Fachwissen treibt die Automatisierung voran, verbessert den Dateneinblick und die Kundenbindung und sorgt so f\u00fcr messbare Ergebnisse. Unser qualitativ hochwertiger und kosteneffizienter Ansatz gew\u00e4hrleistet eine nahtlose Implementierung innerhalb des Budgets und des Zeitrahmens. \n\nSch\u00f6pfen Sie das volle Potenzial von Salesforce mit L\u00f6sungen aus, die auf Ihre Branche zugeschnitten sind. Arbeiten Sie mit uns zusammen, um Ihr CRM zu verbessern und nachhaltiges Wachstum zu f\u00f6rdern.                     <\/p>\r\n                    <div class=\"owner-info\">\r\n                    \t                                            <\/div>\r\n                <\/div>\r\n                <div class=\"about-style-one col-xl-5 offset-xl-1 col-lg-6 offset-lg-1\">\r\n                    <div class=\"about-thumb\">\r\n                        <img decoding=\"async\" class=\"wow fadeInRight\" src=\"https:\/\/asteriskconsulting.de\/wp-content\/uploads\/2025\/06\/Salesforce-Consulting.jpg\" alt=\"Asterisk consulting\">\r\n                        <div class=\"about-card wow fadeInUp\" data-wow-delay=\"500ms\">\r\n                            <ul>\r\n                            \t\t                                <li>\r\n\t                                    <div class=\"icon\">\r\n\t                                        \t\t\t\t\t\t                        <i class=\"flaticon-license\"><\/i>\r\n\t\t\t\t\t\t\t                    \t\t\t\t\t\t                    \t\t\t\t\t\t                    \t                                    <\/div>\r\n\t                                    <div class=\"fun-fact\">\r\n\t                                        <div class=\"counter\">\r\n\t                                            <div class=\"timer\" data-to=\"98\" data-speed=\"2000\">98<\/div>\r\n\t                                            <div class=\"operator\">%<\/div>\r\n\t                                        <\/div>\r\n\t                                        <span class=\"medium\">Consulting Success<\/span>\r\n\t                                    <\/div>\r\n\t                                <\/li>\r\n                                \t                                <li>\r\n\t                                    <div class=\"icon\">\r\n\t                                        \t\t\t\t\t\t                        <i class=\"flaticon-global\"><\/i>\r\n\t\t\t\t\t\t\t                    \t\t\t\t\t\t                    \t\t\t\t\t\t                    \t                                    <\/div>\r\n\t                                    <div class=\"fun-fact\">\r\n\t                                        <div class=\"counter\">\r\n\t                                            <div class=\"timer\" data-to=\"120\" data-speed=\"2000\">120<\/div>\r\n\t                                            <div class=\"operator\">+<\/div>\r\n\t                                        <\/div>\r\n\t                                        <span class=\"medium\">Worldwide Clients<\/span>\r\n\t                                    <\/div>\r\n\t                                <\/li>\r\n                                                                \r\n                            <\/ul>\r\n                        <\/div>\r\n                        <div class=\"thumb-shape-bottom wow fadeInDown\" data-wow-delay=\"300ms\">\r\n                        \t                           \t\t<img decoding=\"async\" src=\"https:\/\/asteriskconsulting.de\/wp-content\/uploads\/2025\/05\/h1-bg02.webp\" alt=\"Asterisk consulting\">\r\n                       \t\t                       \t\t            \t\t\t\t\t<img decoding=\"async\" src=\"https:\/\/asteriskconsulting.de\/wp-content\/uploads\/2025\/05\/circle-bg.webp\" alt=\"Asterisk consulting\">\r\n            \t\t\t\t                        <\/div>\r\n                    <\/div>\r\n                <\/div>\r\n            <\/div>\r\n        <\/div>\r\n    <\/div>\r\n    <!-- End  About Style One -->\r\n\r\n\t\t\t\t\t<\/div>\n\t\t\t\t<\/div>\n\t\t\t\t\t<\/div>\n\t\t<\/div>\n\t\t\t\t\t<\/div>\n\t\t<\/section>\n\t\t\t\t<\/div>\n\t\t","protected":false},"excerpt":{"rendered":"<p>Salesforce-Beratung und -Implementierung Bei Asterisk Consulting bieten wir fachkundige Salesforce-Beratung und -Implementierung, um das Kundenbeziehungsmanagement f\u00fcr Unternehmen. Unser Team ist auf alle Salesforce-Clouds spezialisiert, um ma\u00dfgeschneiderte L\u00f6sungen f\u00fcr Ihre individuellen Prozesse zu bieten. Wir bilden Ihre Gesch\u00e4ftsabl\u00e4ufe auf der leistungsstarken Plattform von Salesforce ab und bieten End-to-End-Services von der Strategie und Konfiguration bis hin zur&#8230;<\/p>\n","protected":false},"author":1,"featured_media":0,"parent":2989,"menu_order":0,"comment_status":"closed","ping_status":"closed","template":"","meta":{"footnotes":""},"class_list":["post-2984","page","type-page","status-publish","hentry"],"_links":{"self":[{"href":"https:\/\/asteriskconsulting.de\/de\/wp-json\/wp\/v2\/pages\/2984","targetHints":{"allow":["GET"]}}],"collection":[{"href":"https:\/\/asteriskconsulting.de\/de\/wp-json\/wp\/v2\/pages"}],"about":[{"href":"https:\/\/asteriskconsulting.de\/de\/wp-json\/wp\/v2\/types\/page"}],"author":[{"embeddable":true,"href":"https:\/\/asteriskconsulting.de\/de\/wp-json\/wp\/v2\/users\/1"}],"replies":[{"embeddable":true,"href":"https:\/\/asteriskconsulting.de\/de\/wp-json\/wp\/v2\/comments?post=2984"}],"version-history":[{"count":5,"href":"https:\/\/asteriskconsulting.de\/de\/wp-json\/wp\/v2\/pages\/2984\/revisions"}],"predecessor-version":[{"id":4098,"href":"https:\/\/asteriskconsulting.de\/de\/wp-json\/wp\/v2\/pages\/2984\/revisions\/4098"}],"up":[{"embeddable":true,"href":"https:\/\/asteriskconsulting.de\/de\/wp-json\/wp\/v2\/pages\/2989"}],"wp:attachment":[{"href":"https:\/\/asteriskconsulting.de\/de\/wp-json\/wp\/v2\/media?parent=2984"}],"curies":[{"name":"wp","href":"https:\/\/api.w.org\/{rel}","templated":true}]}}