{"id":2978,"date":"2023-07-29T15:37:49","date_gmt":"2023-07-29T15:37:49","guid":{"rendered":"https:\/\/archsoftwares.com\/asteriskconsulting\/?page_id=2978"},"modified":"2026-02-18T13:22:52","modified_gmt":"2026-02-18T13:22:52","slug":"ueber-uns","status":"publish","type":"page","link":"https:\/\/asteriskconsulting.de\/de\/ueber-uns\/","title":{"rendered":"\u00dcber uns"},"content":{"rendered":"\t\t<div data-elementor-type=\"wp-page\" data-elementor-id=\"2978\" class=\"elementor elementor-2978\">\n\t\t\t\t\t\t<section class=\"elementor-section elementor-top-section elementor-element elementor-element-18e1e9fa elementor-section-full_width elementor-section-height-default elementor-section-height-default\" data-id=\"18e1e9fa\" data-element_type=\"section\" data-e-type=\"section\" id=\"about-top\">\n\t\t\t\t\t\t<div class=\"elementor-container elementor-column-gap-no\">\n\t\t\t\t\t<div class=\"elementor-column elementor-col-100 elementor-top-column elementor-element elementor-element-52d95285\" data-id=\"52d95285\" data-element_type=\"column\" data-e-type=\"column\">\n\t\t\t<div class=\"elementor-widget-wrap elementor-element-populated\">\n\t\t\t\t\t\t<div class=\"elementor-element elementor-element-61de08fd elementor-widget elementor-widget-consua_about_content\" data-id=\"61de08fd\" data-element_type=\"widget\" data-e-type=\"widget\" data-widget_type=\"consua_about_content.default\">\n\t\t\t\t<div class=\"elementor-widget-container\">\n\t\t\t\t\t\r\n\t<!-- Start About Style One\r\n    ============================================= -->\r\n    <div class=\"about-style-one-area default-padding\">\r\n        <div class=\"shape-animated-left\">\r\n        \t                    <\/div>\r\n        <div class=\"container\">\r\n            <div class=\"row align-center\">\r\n                <div class=\"about-style-one col-xl-6 col-lg-5\">\r\n                    <div class=\"h4 sub-heading\"><\/div>\r\n                    <h2 class=\"title mb-25\">Unternehmens\u00fcbersicht<\/h2>\r\n                    <p>\r\n                       Exzellenz steigern in CRM, KI &amp; ML und Integrationen \n\nBei Asterisk Consulting unterst\u00fctzen wir Unternehmen dabei, Prozesse zu transformieren und den ROI zu maximieren \u2013 mit unserem bew\u00e4hrten Drei-Phasen-Ansatz: Strategie, Architektur und Implementierung.                     <\/p>\r\n                    <div class=\"owner-info\">\r\n                    \t\t                        <div class=\"left-info\">\r\n\t                        \t<ul>\r\n  <li><strong>Strategie:<\/strong> Wir entwickeln ma\u00dfgeschneiderte Fahrpl\u00e4ne, um Kundenbeziehungen zu optimieren, Datenanalysen zu nutzen und Systeme zu verbinden \u2013 stets auf Ihre Gesch\u00e4ftsziele abgestimmt.<\/li>\r\n  <li><strong>Architektur:<\/strong> Wir entwerfen skalierbare, sichere Frameworks, die sich nahtlos in bestehende Tools integrieren und Automatisierung sowie Effizienz erm\u00f6glichen.<\/li>\r\n  <li><strong>Implementierung:<\/strong> Von Konfiguration bis Schulung liefern wir pr\u00e4zise, kosteneffiziente L\u00f6sungen mit messbarem Nutzen.<\/li>\r\n<\/ul>\r\nMit globaler Pr\u00e4senz durch Offshore- und Nearshore-Partnerschaften in Indien, Marokko, Ghana und einer starken Vertretung in Spanien bieten wir flexible, hochwertige L\u00f6sungen f\u00fcr vielf\u00e4ltige Kundenbed\u00fcrfnisse. \r\n\r\nPartnern Sie mit Asterisk Consulting, um Prozesse zu optimieren, Agilit\u00e4t zu steigern und nachhaltiges Wachstum zu sichern. \t                        <\/div>\r\n                    \t                                            <\/div>\r\n                <\/div>\r\n                <div class=\"about-style-one col-xl-5 offset-xl-1 col-lg-6 offset-lg-1\">\r\n                    <div class=\"about-thumb\">\r\n                        <img decoding=\"async\" class=\"wow fadeInRight\" src=\"https:\/\/asteriskconsulting.de\/wp-content\/uploads\/2025\/07\/about-image.webp\" alt=\"Asterisk consulting\">\r\n                        <div class=\"about-card wow fadeInUp\" data-wow-delay=\"500ms\">\r\n                            <ul>\r\n                            \t                                \r\n                            <\/ul>\r\n                        <\/div>\r\n                        <div class=\"thumb-shape-bottom wow fadeInDown\" data-wow-delay=\"300ms\">\r\n                        \t                           \t\t<img decoding=\"async\" src=\"https:\/\/asteriskconsulting.de\/wp-content\/uploads\/2025\/05\/h1-bg02.webp\" alt=\"Asterisk consulting\">\r\n                       \t\t                       \t\t            \t\t\t\t\t<img decoding=\"async\" src=\"https:\/\/asteriskconsulting.de\/wp-content\/uploads\/2025\/05\/circle-bg.webp\" alt=\"Asterisk consulting\">\r\n            \t\t\t\t                        <\/div>\r\n                    <\/div>\r\n                <\/div>\r\n            <\/div>\r\n        <\/div>\r\n    <\/div>\r\n    <!-- End  About Style One -->\r\n\r\n\t\t\t\t\t<\/div>\n\t\t\t\t<\/div>\n\t\t\t\t\t<\/div>\n\t\t<\/div>\n\t\t\t\t\t<\/div>\n\t\t<\/section>\n\t\t<div class=\"elementor-element elementor-element-7b3dc619 e-flex e-con-boxed e-con e-parent\" data-id=\"7b3dc619\" data-element_type=\"container\" data-e-type=\"container\">\n\t\t\t\t\t<div class=\"e-con-inner\">\n\t\t<div class=\"elementor-element elementor-element-ea01c0a e-con-full e-flex e-con e-child\" data-id=\"ea01c0a\" data-element_type=\"container\" data-e-type=\"container\">\n\t\t\t\t<div class=\"elementor-element elementor-element-1e874ccd elementor-widget elementor-widget-icon-box\" data-id=\"1e874ccd\" data-element_type=\"widget\" data-e-type=\"widget\" data-widget_type=\"icon-box.default\">\n\t\t\t\t<div class=\"elementor-widget-container\">\n\t\t\t\t\t\t\t<div class=\"elementor-icon-box-wrapper\">\n\n\t\t\t\n\t\t\t\t\t\t<div class=\"elementor-icon-box-content\">\n\n\t\t\t\t\t\t\t\t\t<h3 class=\"elementor-icon-box-title\">\n\t\t\t\t\t\t<span  >\n\t\t\t\t\t\t\tMission:\t\t\t\t\t\t<\/span>\n\t\t\t\t\t<\/h3>\n\t\t\t\t\n\t\t\t\t\t\t\t\t\t<p class=\"elementor-icon-box-description\">\n\t\t\t\t\t\tBei Asterisk Consulting ist es unsere Mission, Unternehmen jeder Gr\u00f6\u00dfe zu digitalisieren und kosteneffiziente, hochwertige IT-Strategie, Architektur und Implementierung bereitzustellen. Wir legen Wert darauf, die individuellen Bed\u00fcrfnisse unserer Kunden zu verstehen und L\u00f6sungen zu liefern, die Prozesse optimieren, Innovation f\u00f6rdern und nachhaltiges Wachstum unterst\u00fctzen. \t\t\t\t\t<\/p>\n\t\t\t\t\n\t\t\t<\/div>\n\t\t\t\n\t\t<\/div>\n\t\t\t\t\t\t<\/div>\n\t\t\t\t<\/div>\n\t\t\t\t<\/div>\n\t\t<div class=\"elementor-element elementor-element-238628f4 e-con-full e-flex e-con e-child\" data-id=\"238628f4\" data-element_type=\"container\" data-e-type=\"container\">\n\t\t\t\t<div class=\"elementor-element elementor-element-77683507 elementor-widget elementor-widget-icon-box\" data-id=\"77683507\" data-element_type=\"widget\" data-e-type=\"widget\" data-widget_type=\"icon-box.default\">\n\t\t\t\t<div class=\"elementor-widget-container\">\n\t\t\t\t\t\t\t<div class=\"elementor-icon-box-wrapper\">\n\n\t\t\t\n\t\t\t\t\t\t<div class=\"elementor-icon-box-content\">\n\n\t\t\t\t\t\t\t\t\t<h3 class=\"elementor-icon-box-title\">\n\t\t\t\t\t\t<span  >\n\t\t\t\t\t\t\tVision: \t\t\t\t\t\t<\/span>\n\t\t\t\t\t<\/h3>\n\t\t\t\t\n\t\t\t\t\t\t\t\t\t<p class=\"elementor-icon-box-description\">\n\t\t\t\t\t\tUnsere Vision ist es, weltweit der vertrauensvolle Partner f\u00fcr digitale Transformation zu sein, der innovative, hochwertige L\u00f6sungen liefert, die Teams bef\u00e4higen, Prozesse optimieren und nachhaltiges Wachstum f\u00f6rdern. \t\t\t\t\t<\/p>\n\t\t\t\t\n\t\t\t<\/div>\n\t\t\t\n\t\t<\/div>\n\t\t\t\t\t\t<\/div>\n\t\t\t\t<\/div>\n\t\t\t\t<\/div>\n\t\t\t\t\t<\/div>\n\t\t\t\t<\/div>\n\t\t<div class=\"elementor-element elementor-element-66743776 elementor-hidden-desktop elementor-hidden-tablet elementor-hidden-mobile e-flex e-con-boxed e-con e-parent\" data-id=\"66743776\" data-element_type=\"container\" data-e-type=\"container\">\n\t\t\t\t\t<div class=\"e-con-inner\">\n\t\t<div class=\"elementor-element elementor-element-54067816 e-con-full why-ch-img e-flex e-con e-child\" data-id=\"54067816\" data-element_type=\"container\" data-e-type=\"container\">\n\t\t\t\t<div class=\"elementor-element elementor-element-3467178 elementor-widget elementor-widget-image\" data-id=\"3467178\" data-element_type=\"widget\" data-e-type=\"widget\" data-widget_type=\"image.default\">\n\t\t\t\t<div class=\"elementor-widget-container\">\n\t\t\t\t\t\t\t\t\t\t\t\t\t\t\t<img fetchpriority=\"high\" decoding=\"async\" width=\"480\" height=\"488\" src=\"https:\/\/asteriskconsulting.de\/wp-content\/uploads\/2025\/07\/why-choose-img-480x488-1.webp\" class=\"attachment-large size-large wp-image-5326\" alt=\"\" srcset=\"https:\/\/asteriskconsulting.de\/wp-content\/uploads\/2025\/07\/why-choose-img-480x488-1.webp 480w, https:\/\/asteriskconsulting.de\/wp-content\/uploads\/2025\/07\/why-choose-img-480x488-1-295x300.webp 295w, https:\/\/asteriskconsulting.de\/wp-content\/uploads\/2025\/07\/why-choose-img-480x488-1-80x80.webp 80w\" sizes=\"(max-width: 480px) 100vw, 480px\" \/>\t\t\t\t\t\t\t\t\t\t\t\t\t\t\t<\/div>\n\t\t\t\t<\/div>\n\t\t\t\t<div class=\"elementor-element elementor-element-2812684 elementor-absolute elementor-widget elementor-widget-image\" data-id=\"2812684\" data-element_type=\"widget\" data-e-type=\"widget\" data-settings=\"{&quot;_position&quot;:&quot;absolute&quot;}\" data-widget_type=\"image.default\">\n\t\t\t\t<div class=\"elementor-widget-container\">\n\t\t\t\t\t\t\t\t\t\t\t\t\t\t\t<img decoding=\"async\" width=\"183\" height=\"93\" src=\"https:\/\/asteriskconsulting.de\/wp-content\/uploads\/2025\/05\/h1-bg02.webp\" class=\"attachment-large size-large wp-image-2693\" alt=\"\" \/>\t\t\t\t\t\t\t\t\t\t\t\t\t\t\t<\/div>\n\t\t\t\t<\/div>\n\t\t\t\t<\/div>\n\t\t<div class=\"elementor-element elementor-element-778e6123 e-con-full e-flex e-con e-child\" data-id=\"778e6123\" data-element_type=\"container\" data-e-type=\"container\">\n\t\t\t\t<div class=\"elementor-element elementor-element-4159c922 elementor-widget elementor-widget-heading\" data-id=\"4159c922\" data-element_type=\"widget\" data-e-type=\"widget\" data-widget_type=\"heading.default\">\n\t\t\t\t<div class=\"elementor-widget-container\">\n\t\t\t\t\t<h2 class=\"elementor-heading-title elementor-size-default\">Warum Uns W\u00e4hlen<\/h2>\t\t\t\t<\/div>\n\t\t\t\t<\/div>\n\t\t\t\t<div class=\"elementor-element elementor-element-6b66cded elementor-widget elementor-widget-text-editor\" data-id=\"6b66cded\" data-element_type=\"widget\" data-e-type=\"widget\" data-widget_type=\"text-editor.default\">\n\t\t\t\t<div class=\"elementor-widget-container\">\n\t\t\t\t\t\t\t\t\t<p><strong>Lorem Ipsum<\/strong>\u00a0is simply dummy text of the printing and typesetting industry. Lorem Ipsum has been the industry&#8217;s standard dummy text ever since the 1500s, when an unknown printer took a galley of type and scrambled it to make a type specimen book. It has survived not only five centuries, but also the leap into electronic typesetting, remaining essentially unchanged. It was popularised in the 1960s with the release of Letraset sheets containing Lorem Ipsum passages, and more recently with desktop publishing software like Aldus PageMaker including versions of Lorem Ipsum.<\/p>\t\t\t\t\t\t\t\t<\/div>\n\t\t\t\t<\/div>\n\t\t\t\t<div class=\"elementor-element elementor-element-568a92db elementor-widget__width-inherit elementor-widget elementor-widget-button\" data-id=\"568a92db\" data-element_type=\"widget\" data-e-type=\"widget\" data-widget_type=\"button.default\">\n\t\t\t\t<div class=\"elementor-widget-container\">\n\t\t\t\t\t\t\t\t\t<div class=\"elementor-button-wrapper\">\n\t\t\t\t\t<a class=\"elementor-button elementor-button-link elementor-size-sm\" href=\"#\">\n\t\t\t\t\t\t<span class=\"elementor-button-content-wrapper\">\n\t\t\t\t\t\t<span class=\"elementor-button-icon\">\n\t\t\t\t<svg aria-hidden=\"true\" class=\"e-font-icon-svg e-fas-arrow-right\" viewBox=\"0 0 448 512\" xmlns=\"http:\/\/www.w3.org\/2000\/svg\"><path d=\"M190.5 66.9l22.2-22.2c9.4-9.4 24.6-9.4 33.9 0L441 239c9.4 9.4 9.4 24.6 0 33.9L246.6 467.3c-9.4 9.4-24.6 9.4-33.9 0l-22.2-22.2c-9.5-9.5-9.3-25 .4-34.3L311.4 296H24c-13.3 0-24-10.7-24-24v-32c0-13.3 10.7-24 24-24h287.4L190.9 101.2c-9.8-9.3-10-24.8-.4-34.3z\"><\/path><\/svg>\t\t\t<\/span>\n\t\t\t\t\t\t\t\t\t<span class=\"elementor-button-text\">CONTACT US<\/span>\n\t\t\t\t\t<\/span>\n\t\t\t\t\t<\/a>\n\t\t\t\t<\/div>\n\t\t\t\t\t\t\t\t<\/div>\n\t\t\t\t<\/div>\n\t\t\t\t<\/div>\n\t\t\t\t\t<\/div>\n\t\t\t\t<\/div>\n\t\t<div class=\"elementor-element elementor-element-38530ae5 elementor-hidden-desktop elementor-hidden-tablet elementor-hidden-mobile e-flex e-con-boxed e-con e-parent\" data-id=\"38530ae5\" data-element_type=\"container\" data-e-type=\"container\">\n\t\t\t\t\t<div class=\"e-con-inner\">\n\t\t<div class=\"elementor-element elementor-element-54c3e430 e-con-full e-flex e-con e-child\" data-id=\"54c3e430\" data-element_type=\"container\" data-e-type=\"container\">\n\t\t\t\t<div class=\"elementor-element elementor-element-4786480f elementor-widget elementor-widget-heading\" data-id=\"4786480f\" data-element_type=\"widget\" data-e-type=\"widget\" data-widget_type=\"heading.default\">\n\t\t\t\t<div class=\"elementor-widget-container\">\n\t\t\t\t\t<h2 class=\"elementor-heading-title elementor-size-default\">Frequently Asked Questions<\/h2>\t\t\t\t<\/div>\n\t\t\t\t<\/div>\n\t\t\t\t<div class=\"elementor-element elementor-element-24470a3d elementor-widget elementor-widget-consua_faq_widget\" data-id=\"24470a3d\" data-element_type=\"widget\" data-e-type=\"widget\" data-widget_type=\"consua_faq_widget.default\">\n\t\t\t\t<div class=\"elementor-widget-container\">\n\t\t\t\t\t\r\n    <div class=\"faq-style-one dark\">\r\n    \t        <div class=\"accordion\" id=\"faqAccordion\">\r\n\r\n        \t            <div class=\"accordion-item\">\r\n                <h2 class=\"accordion-header\" id=\"heading1\">\r\n                    <button class=\"accordion-button \" type=\"button\" data-bs-toggle=\"collapse\" data-bs-target=\"#collapse1\" aria-expanded=\"true\" aria-controls=\"collapse1\">\r\n                       Where can I get analytics help?                    <\/button>\r\n                <\/h2>\r\n                <div id=\"collapse1\" class=\"accordion-collapse collapse show\" aria-labelledby=\"collapse1\" data-bs-parent=\"#faqAccordion\">\r\n                    <div class=\"accordion-body\">\r\n                        <p>\r\n                          \tBennings appetite disposed me an at subjects an. To no indulgence diminution so discovered mr apartments. Are off under folly death wrote cause her way spite. Plan upon yet way get cold spot its week. Almost do am or limits hearts. Resolve parties but why she shewing. She sang know now minute exact dear open to reaching out.                        <\/p>\r\n                    <\/div>\r\n                <\/div>\r\n            <\/div>\r\n           \t            <div class=\"accordion-item\">\r\n                <h2 class=\"accordion-header\" id=\"heading2\">\r\n                    <button class=\"accordion-button collapsed\" type=\"button\" data-bs-toggle=\"collapse\" data-bs-target=\"#collapse2\" aria-expanded=\"true\" aria-controls=\"collapse2\">\r\n                       How much does data analytics costs?                    <\/button>\r\n                <\/h2>\r\n                <div id=\"collapse2\" class=\"accordion-collapse collapse \" aria-labelledby=\"collapse2\" data-bs-parent=\"#faqAccordion\">\r\n                    <div class=\"accordion-body\">\r\n                        <p>\r\n                          \tBennings appetite disposed me an at subjects an. To no indulgence diminution so discovered mr apartments. Are off under folly death wrote cause her way spite. Plan upon yet way get cold spot its week. Almost do am or limits hearts. Resolve parties but why she shewing. She sang know now minute exact dear open to reaching out.                        <\/p>\r\n                    <\/div>\r\n                <\/div>\r\n            <\/div>\r\n           \t            <div class=\"accordion-item\">\r\n                <h2 class=\"accordion-header\" id=\"heading3\">\r\n                    <button class=\"accordion-button collapsed\" type=\"button\" data-bs-toggle=\"collapse\" data-bs-target=\"#collapse3\" aria-expanded=\"true\" aria-controls=\"collapse3\">\r\n                       What kind of data is needed for analysis?                    <\/button>\r\n                <\/h2>\r\n                <div id=\"collapse3\" class=\"accordion-collapse collapse \" aria-labelledby=\"collapse3\" data-bs-parent=\"#faqAccordion\">\r\n                    <div class=\"accordion-body\">\r\n                        <p>\r\n                          \tBennings appetite disposed me an at subjects an. To no indulgence diminution so discovered mr apartments. Are off under folly death wrote cause her way spite. Plan upon yet way get cold spot its week. Almost do am or limits hearts. Resolve parties but why she shewing. She sang know now minute exact dear open to reaching out.                        <\/p>\r\n                    <\/div>\r\n                <\/div>\r\n            <\/div>\r\n           \t            <div class=\"accordion-item\">\r\n                <h2 class=\"accordion-header\" id=\"heading4\">\r\n                    <button class=\"accordion-button collapsed\" type=\"button\" data-bs-toggle=\"collapse\" data-bs-target=\"#collapse4\" aria-expanded=\"true\" aria-controls=\"collapse4\">\r\n                       How do I pay for your service?                    <\/button>\r\n                <\/h2>\r\n                <div id=\"collapse4\" class=\"accordion-collapse collapse \" aria-labelledby=\"collapse4\" data-bs-parent=\"#faqAccordion\">\r\n                    <div class=\"accordion-body\">\r\n                        <p>\r\n                          \tBennings appetite disposed me an at subjects an. To no indulgence diminution so discovered mr apartments. Are off under folly death wrote cause her way spite. Plan upon yet way get cold spot its week. Almost do am or limits hearts. Resolve parties but why she shewing. She sang know now minute exact dear open to reaching out.                        <\/p>\r\n                    <\/div>\r\n                <\/div>\r\n            <\/div>\r\n           \t \r\n        <\/div>\r\n    <\/div>\r\n\r\n\t\t\t\t\t<\/div>\n\t\t\t\t<\/div>\n\t\t\t\t<\/div>\n\t\t<div class=\"elementor-element elementor-element-22ffb8b6 e-con-full e-flex e-con e-child\" data-id=\"22ffb8b6\" data-element_type=\"container\" data-e-type=\"container\">\n\t\t\t\t<div class=\"elementor-element elementor-element-3e8dbc10 elementor-widget elementor-widget-image\" data-id=\"3e8dbc10\" data-element_type=\"widget\" data-e-type=\"widget\" data-widget_type=\"image.default\">\n\t\t\t\t<div class=\"elementor-widget-container\">\n\t\t\t\t\t\t\t\t\t\t\t\t\t\t\t<img decoding=\"async\" width=\"633\" height=\"790\" src=\"https:\/\/asteriskconsulting.de\/wp-content\/uploads\/2025\/07\/faq-image.webp\" class=\"attachment-large size-large wp-image-5374\" alt=\"\" srcset=\"https:\/\/asteriskconsulting.de\/wp-content\/uploads\/2025\/07\/faq-image.webp 633w, https:\/\/asteriskconsulting.de\/wp-content\/uploads\/2025\/07\/faq-image-240x300.webp 240w, https:\/\/asteriskconsulting.de\/wp-content\/uploads\/2025\/07\/faq-image-284x355.webp 284w, https:\/\/asteriskconsulting.de\/wp-content\/uploads\/2025\/07\/faq-image-600x749.webp 600w\" sizes=\"(max-width: 633px) 100vw, 633px\" \/>\t\t\t\t\t\t\t\t\t\t\t\t\t\t\t<\/div>\n\t\t\t\t<\/div>\n\t\t\t\t<div class=\"elementor-element elementor-element-602fbd3c elementor-absolute elementor-widget elementor-widget-image\" data-id=\"602fbd3c\" data-element_type=\"widget\" data-e-type=\"widget\" data-settings=\"{&quot;_position&quot;:&quot;absolute&quot;}\" data-widget_type=\"image.default\">\n\t\t\t\t<div class=\"elementor-widget-container\">\n\t\t\t\t\t\t\t\t\t\t\t\t\t\t\t<img decoding=\"async\" width=\"183\" height=\"93\" src=\"https:\/\/asteriskconsulting.de\/wp-content\/uploads\/2025\/05\/h1-bg02.webp\" class=\"attachment-large size-large wp-image-2693\" alt=\"\" \/>\t\t\t\t\t\t\t\t\t\t\t\t\t\t\t<\/div>\n\t\t\t\t<\/div>\n\t\t\t\t<\/div>\n\t\t\t\t\t<\/div>\n\t\t\t\t<\/div>\n\t\t<div class=\"elementor-element elementor-element-670a034 e-con-full e-flex e-con e-parent\" data-id=\"670a034\" data-element_type=\"container\" data-e-type=\"container\">\n\t\t\t\t<div class=\"elementor-element elementor-element-0af7b14 elementor-widget elementor-widget-heading\" data-id=\"0af7b14\" data-element_type=\"widget\" data-e-type=\"widget\" data-widget_type=\"heading.default\">\n\t\t\t\t<div class=\"elementor-widget-container\">\n\t\t\t\t\t<h2 class=\"elementor-heading-title elementor-size-default\">Unser Beratungs- und Liefernetzwerk<\/h2>\t\t\t\t<\/div>\n\t\t\t\t<\/div>\n\t\t\t\t<div class=\"elementor-element elementor-element-ba33044 elementor-widget elementor-widget-image\" data-id=\"ba33044\" data-element_type=\"widget\" data-e-type=\"widget\" data-widget_type=\"image.default\">\n\t\t\t\t<div class=\"elementor-widget-container\">\n\t\t\t\t\t\t\t\t\t\t\t\t\t\t\t<img loading=\"lazy\" decoding=\"async\" width=\"751\" height=\"395\" src=\"https:\/\/asteriskconsulting.de\/wp-content\/uploads\/2025\/08\/mep-1-1024x538.png\" class=\"attachment-large size-large wp-image-6042\" alt=\"\" srcset=\"https:\/\/asteriskconsulting.de\/wp-content\/uploads\/2025\/08\/mep-1-1024x538.png 1024w, https:\/\/asteriskconsulting.de\/wp-content\/uploads\/2025\/08\/mep-1-300x158.png 300w, https:\/\/asteriskconsulting.de\/wp-content\/uploads\/2025\/08\/mep-1-768x403.png 768w, https:\/\/asteriskconsulting.de\/wp-content\/uploads\/2025\/08\/mep-1-1536x806.png 1536w, https:\/\/asteriskconsulting.de\/wp-content\/uploads\/2025\/08\/mep-1-600x315.png 600w, https:\/\/asteriskconsulting.de\/wp-content\/uploads\/2025\/08\/mep-1.png 2000w\" sizes=\"(max-width: 751px) 100vw, 751px\" \/>\t\t\t\t\t\t\t\t\t\t\t\t\t\t\t<\/div>\n\t\t\t\t<\/div>\n\t\t\t\t<\/div>\n\t\t<div class=\"elementor-element elementor-element-4a1ef031 e-con-full e-flex e-con e-parent\" data-id=\"4a1ef031\" data-element_type=\"container\" data-e-type=\"container\" data-settings=\"{&quot;background_background&quot;:&quot;classic&quot;}\">\n\t\t<div class=\"elementor-element elementor-element-27f5eaa3 e-con-full e-flex e-con e-child\" data-id=\"27f5eaa3\" data-element_type=\"container\" data-e-type=\"container\">\n\t\t<div class=\"elementor-element elementor-element-1f381e1f e-flex e-con-boxed e-con e-child\" data-id=\"1f381e1f\" data-element_type=\"container\" data-e-type=\"container\">\n\t\t\t\t\t<div class=\"e-con-inner\">\n\t\t<div class=\"elementor-element elementor-element-1e9efad8 e-flex e-con-boxed e-con e-child\" data-id=\"1e9efad8\" data-element_type=\"container\" data-e-type=\"container\">\n\t\t\t\t\t<div class=\"e-con-inner\">\n\t\t\t\t<div class=\"elementor-element elementor-element-43fb743f elementor-widget__width-inherit elementor-widget elementor-widget-heading\" data-id=\"43fb743f\" data-element_type=\"widget\" data-e-type=\"widget\" data-widget_type=\"heading.default\">\n\t\t\t\t<div class=\"elementor-widget-container\">\n\t\t\t\t\t<h2 class=\"elementor-heading-title elementor-size-default\">Wenn Sie Fragen haben, kontaktieren Sie uns und sehen Sie, wie wir Ihnen helfen k\u00f6nnen.<\/h2>\t\t\t\t<\/div>\n\t\t\t\t<\/div>\n\t\t\t\t\t<\/div>\n\t\t\t\t<\/div>\n\t\t<div class=\"elementor-element elementor-element-3140ed3f e-con-full e-flex e-con e-child\" data-id=\"3140ed3f\" data-element_type=\"container\" data-e-type=\"container\">\n\t\t\t\t<div class=\"elementor-element elementor-element-243f3e52 elementor-widget__width-inherit elementor-align-justify elementor-widget elementor-widget-button\" data-id=\"243f3e52\" data-element_type=\"widget\" data-e-type=\"widget\" data-widget_type=\"button.default\">\n\t\t\t\t<div class=\"elementor-widget-container\">\n\t\t\t\t\t\t\t\t\t<div class=\"elementor-button-wrapper\">\n\t\t\t\t\t<a class=\"elementor-button elementor-button-link elementor-size-sm\" href=\"https:\/\/asteriskconsulting.de\/de\/kontakt\/\">\n\t\t\t\t\t\t<span class=\"elementor-button-content-wrapper\">\n\t\t\t\t\t\t<span class=\"elementor-button-icon\">\n\t\t\t\t<svg aria-hidden=\"true\" class=\"e-font-icon-svg e-fas-arrow-right\" viewBox=\"0 0 448 512\" xmlns=\"http:\/\/www.w3.org\/2000\/svg\"><path d=\"M190.5 66.9l22.2-22.2c9.4-9.4 24.6-9.4 33.9 0L441 239c9.4 9.4 9.4 24.6 0 33.9L246.6 467.3c-9.4 9.4-24.6 9.4-33.9 0l-22.2-22.2c-9.5-9.5-9.3-25 .4-34.3L311.4 296H24c-13.3 0-24-10.7-24-24v-32c0-13.3 10.7-24 24-24h287.4L190.9 101.2c-9.8-9.3-10-24.8-.4-34.3z\"><\/path><\/svg>\t\t\t<\/span>\n\t\t\t\t\t\t\t\t\t<span class=\"elementor-button-text\">KONTAKTIEREN SIE UNS<\/span>\n\t\t\t\t\t<\/span>\n\t\t\t\t\t<\/a>\n\t\t\t\t<\/div>\n\t\t\t\t\t\t\t\t<\/div>\n\t\t\t\t<\/div>\n\t\t\t\t<\/div>\n\t\t\t\t\t<\/div>\n\t\t\t\t<\/div>\n\t\t\t\t<\/div>\n\t\t\t\t<\/div>\n\t\t\t\t<\/div>\n\t\t","protected":false},"excerpt":{"rendered":"<p>Unternehmens\u00fcbersicht Exzellenz steigern in CRM, KI &amp; ML und Integrationen Bei Asterisk Consulting unterst\u00fctzen wir Unternehmen dabei, Prozesse zu transformieren und den ROI zu maximieren \u2013 mit unserem bew\u00e4hrten Drei-Phasen-Ansatz: Strategie, Architektur und Implementierung. Strategie: Wir entwickeln ma\u00dfgeschneiderte Fahrpl\u00e4ne, um Kundenbeziehungen zu optimieren, Datenanalysen zu nutzen und Systeme zu verbinden \u2013 stets auf Ihre Gesch\u00e4ftsziele&#8230;<\/p>\n","protected":false},"author":1,"featured_media":0,"parent":0,"menu_order":0,"comment_status":"closed","ping_status":"closed","template":"elementor_header_footer","meta":{"footnotes":""},"class_list":["post-2978","page","type-page","status-publish","hentry"],"_links":{"self":[{"href":"https:\/\/asteriskconsulting.de\/de\/wp-json\/wp\/v2\/pages\/2978","targetHints":{"allow":["GET"]}}],"collection":[{"href":"https:\/\/asteriskconsulting.de\/de\/wp-json\/wp\/v2\/pages"}],"about":[{"href":"https:\/\/asteriskconsulting.de\/de\/wp-json\/wp\/v2\/types\/page"}],"author":[{"embeddable":true,"href":"https:\/\/asteriskconsulting.de\/de\/wp-json\/wp\/v2\/users\/1"}],"replies":[{"embeddable":true,"href":"https:\/\/asteriskconsulting.de\/de\/wp-json\/wp\/v2\/comments?post=2978"}],"version-history":[{"count":38,"href":"https:\/\/asteriskconsulting.de\/de\/wp-json\/wp\/v2\/pages\/2978\/revisions"}],"predecessor-version":[{"id":6659,"href":"https:\/\/asteriskconsulting.de\/de\/wp-json\/wp\/v2\/pages\/2978\/revisions\/6659"}],"wp:attachment":[{"href":"https:\/\/asteriskconsulting.de\/de\/wp-json\/wp\/v2\/media?parent=2978"}],"curies":[{"name":"wp","href":"https:\/\/api.w.org\/{rel}","templated":true}]}}